{"id":57,"date":"2013-10-21T12:35:34","date_gmt":"2013-10-21T11:35:34","guid":{"rendered":"http:\/\/poliklinika-blazenka-nekic.hr\/hr\/?page_id=57"},"modified":"2025-09-01T13:04:19","modified_gmt":"2025-09-01T12:04:19","slug":"cjenik","status":"publish","type":"page","link":"http:\/\/poliklinika-blazenka-nekic.hr\/hr\/cjenik\/","title":{"rendered":"Cjenik"},"content":{"rendered":"<p style=\"text-align: center;\">Cijenik je uskla\u0111en s pravilnikom o cijenama usluge Hrvatske lije\u010dni\u010dke komore.<\/p>\n<p>Preuzmite cjenik: <a href=\"http:\/\/poliklinika-blazenka-nekic.hr\/hr\/wp-content\/uploads\/2025\/09\/cjenik-usluga-poliklinika-Blazenka-Nekic.jpg\" target=\"_blank\" rel=\"noopener\">Cjenik medicinskih usluga 2025. godina<\/a><\/p>\n<p><strong style=\"text-align: center;\">FIZIKALNA MEDICINA I REHABILITACIJA<\/strong><\/p>\n<table width=\"635\">\n<tbody>\n<tr>\n<td width=\"64\"><\/td>\n<td width=\"462\"><strong>Opis postupka\/usluge<\/strong><\/td>\n<td width=\"109\"><strong>Cijena u EUR<\/strong><\/td>\n<\/tr>\n<tr>\n<td>1<\/td>\n<td width=\"462\">Specijalisti\u010dki pregled<\/td>\n<td style=\"text-align: right;\" width=\"109\">80,00<\/td>\n<\/tr>\n<tr>\n<td>2<\/td>\n<td width=\"462\">Kontrolni specijalisti\u010dki pregled<\/td>\n<td style=\"text-align: right;\" width=\"109\">70,00<\/td>\n<\/tr>\n<tr>\n<td>3<\/td>\n<td width=\"462\">Konzultacija<\/td>\n<td style=\"text-align: right;\" width=\"109\">50,00<\/td>\n<\/tr>\n<tr>\n<td>4<\/td>\n<td width=\"462\">Pregled u ku\u0107i (od 6-22h)<\/td>\n<td style=\"text-align: right;\" width=\"109\">100,00<\/td>\n<\/tr>\n<tr>\n<td>5<\/td>\n<td width=\"462\">Prijedlog za IK-u, mi\u0161ljenje za stacionar.rehab.<\/td>\n<td style=\"text-align: right;\" width=\"109\">120,00<\/td>\n<\/tr>\n<tr>\n<td>6<\/td>\n<td width=\"462\">Dijagnostika UZV lokomotornog sustava<\/td>\n<td style=\"text-align: right;\" width=\"109\">50,00<\/td>\n<\/tr>\n<tr>\n<td>7<\/td>\n<td width=\"462\">Intraartikularna aplikacija lijeka (bez lijeka)<\/td>\n<td style=\"text-align: right;\" width=\"109\">50,00<\/td>\n<\/tr>\n<tr>\n<td>8<\/td>\n<td width=\"462\">Elektroanalgezija<\/td>\n<td style=\"text-align: right;\" width=\"109\">15,00<\/td>\n<\/tr>\n<tr>\n<td>9<\/td>\n<td width=\"462\">Galvanizacija<\/td>\n<td style=\"text-align: right;\" width=\"109\">50,00<\/td>\n<\/tr>\n<tr>\n<td>10<\/td>\n<td width=\"462\">Ultrazvuk po jednom segmentu (terapijski)<\/td>\n<td style=\"text-align: right;\" width=\"109\">15,00<\/td>\n<\/tr>\n<tr>\n<td>11<\/td>\n<td width=\"462\">Sonoforeza\/ionoforeza<\/td>\n<td style=\"text-align: right;\" width=\"109\">30,00<\/td>\n<\/tr>\n<tr>\n<td>12<\/td>\n<td width=\"462\">Ultrazvuk po Szelceru<\/td>\n<td style=\"text-align: right;\" width=\"109\">50,00<\/td>\n<\/tr>\n<tr>\n<td>13<\/td>\n<td width=\"462\">Propisivanje ortopedskih pomagala<\/td>\n<td style=\"text-align: right;\" width=\"109\">30,00<\/td>\n<\/tr>\n<tr>\n<td>14<\/td>\n<td width=\"462\">Individualne vje\u017ebe po segmentu 45 min.<\/td>\n<td style=\"text-align: right;\" width=\"109\">50,00<\/td>\n<\/tr>\n<tr>\n<td>15<\/td>\n<td width=\"462\">Grupne vje\u017ebe (vi\u0161e od 10 sudionika)<\/td>\n<td style=\"text-align: right;\" width=\"109\">15,00<\/td>\n<\/tr>\n<tr>\n<td>16<\/td>\n<td width=\"462\">Koordinacija\/ravnote\u017ea<\/td>\n<td style=\"text-align: right;\" width=\"109\">12,00<\/td>\n<\/tr>\n<tr>\n<td>17<\/td>\n<td width=\"462\">Proprioceptivna neuromuskularna facilitacija, 60 min<\/td>\n<td style=\"text-align: right;\" width=\"109\">70,00<\/td>\n<\/tr>\n<tr>\n<td>18<\/td>\n<td width=\"462\">Trakcija kralje\u017enice (po segmentu)<\/td>\n<td style=\"text-align: right;\" width=\"109\">40,00<\/td>\n<\/tr>\n<tr>\n<td>19<\/td>\n<td width=\"462\">Masa\u017ea manualna (jednog podru\u010dja tijela)<\/td>\n<td style=\"text-align: right;\" width=\"109\">50,00<\/td>\n<\/tr>\n<tr>\n<td>20<\/td>\n<td width=\"462\">Masa\u017ea manualna (cijelog tijela)<\/td>\n<td style=\"text-align: right;\" width=\"109\">70,00<\/td>\n<\/tr>\n<tr>\n<td>21<\/td>\n<td width=\"462\">Limfna drena\u017ea (po segmentu)<\/td>\n<td style=\"text-align: right;\" width=\"109\">70,00<\/td>\n<\/tr>\n<tr>\n<td>22<\/td>\n<td width=\"462\">Bobath\/Vojta tehnika (100 min.)<\/td>\n<td style=\"text-align: right;\" width=\"109\">80,00<\/td>\n<\/tr>\n<tr>\n<td>23<\/td>\n<td width=\"462\">Akupunktura (po aplikaciji)<\/td>\n<td style=\"text-align: right;\" width=\"109\">40,00<\/td>\n<\/tr>\n<tr>\n<td>24<\/td>\n<td width=\"462\">Mobilizacija\/manipulacija kralje\u0161nice (po segmentu)<\/td>\n<td style=\"text-align: right;\">70,00<\/td>\n<\/tr>\n<tr>\n<td>25<\/td>\n<td width=\"462\">Infracrveno\/solux<\/td>\n<td style=\"text-align: right;\" width=\"109\">10,00<\/td>\n<\/tr>\n<tr>\n<td>26<\/td>\n<td width=\"462\">Krio\/termo pak ( 10 min)<\/td>\n<td style=\"text-align: right;\" width=\"109\">15,00<\/td>\n<\/tr>\n<tr>\n<td>27<\/td>\n<td width=\"462\">Magnetoterapija\/niskofrekventna impulsna<\/td>\n<td style=\"text-align: right;\">15,00<\/td>\n<\/tr>\n<tr>\n<td>28<\/td>\n<td width=\"462\">Laser<\/td>\n<td style=\"text-align: right;\">20,00<\/td>\n<\/tr>\n<tr>\n<td>29<\/td>\n<td width=\"462\">Elektrostimulacija \/Compex<\/td>\n<td style=\"text-align: right;\">30,00<\/td>\n<\/tr>\n<tr>\n<td>30<\/td>\n<td width=\"462\">FES, vje\u017eba<\/td>\n<td style=\"text-align: right;\">40,00<\/td>\n<\/tr>\n<tr>\n<td>31<\/td>\n<td width=\"462\">TENS (jedna aplikacija do 10 min.)<\/td>\n<td style=\"text-align: right;\">20,00<\/td>\n<\/tr>\n<tr>\n<td>32<\/td>\n<td width=\"462\">Banda\u017ea batrljka<\/td>\n<td style=\"text-align: right;\">30,00<\/td>\n<\/tr>\n<tr>\n<td>33<\/td>\n<td width=\"462\">Postavljanje i kontrola funkcionalnosti ortopedskih pomagala<\/td>\n<td style=\"text-align: right;\">50,00<\/td>\n<\/tr>\n<tr>\n<td>34<\/td>\n<td width=\"462\">K-taping ili kinesiotaping &#8211;\u00a0 aplikacija na jedan segment<\/td>\n<td style=\"text-align: right;\">30,00<\/td>\n<\/tr>\n<tr>\n<td>35<\/td>\n<td width=\"462\">K-taping ili kinesiotaping &#8211; procjena i aplikacija na jedan segment 30-45 min.<\/td>\n<td style=\"text-align: right;\">50,00<\/td>\n<\/tr>\n<tr>\n<td>36<\/td>\n<td width=\"462\">DNS , AT, MFR\u00a0\u00a0\u00a0 45 min.<\/td>\n<td style=\"text-align: right;\">60,00<\/td>\n<\/tr>\n<tr>\n<td>37<\/td>\n<td width=\"462\">DNS. AT, MFR\u00a0\u00a0\u00a0\u00a0 60 min-<\/td>\n<td style=\"text-align: right;\">70,00<\/td>\n<\/tr>\n<tr>\n<td>38<\/td>\n<td width=\"462\">Magnetottoterapija SIS<\/td>\n<td style=\"text-align: right;\">50,00<\/td>\n<\/tr>\n<tr>\n<td>39<\/td>\n<td width=\"462\">Manualna terapija Kaltenborn, Mulligan &#8211; 20 min<\/td>\n<td style=\"text-align: right;\">50,00<\/td>\n<\/tr>\n<tr>\n<td>40<\/td>\n<td width=\"462\">Udarni val (Shockwave)<\/td>\n<td style=\"text-align: right;\">40,00<\/td>\n<\/tr>\n<tr>\n<td>41<\/td>\n<td width=\"462\">Hil B (Laser viskokog intenziteta)<\/td>\n<td style=\"text-align: right;\" width=\"109\">35,00<\/td>\n<\/tr>\n<tr>\n<td>42<\/td>\n<td width=\"462\">HIL A (Laser viskokog intenziteta)<\/td>\n<td style=\"text-align: right;\" width=\"109\">30,00<\/td>\n<\/tr>\n<tr>\n<td>43<\/td>\n<td width=\"462\">Radiofrekvencija\u00a0 (Exilis face)<\/td>\n<td style=\"text-align: right;\" width=\"109\">30,00<\/td>\n<\/tr>\n<tr>\n<td>44<\/td>\n<td width=\"462\">Radiofrekvencija\u00a0 (Exilis body)<\/td>\n<td style=\"text-align: right;\" width=\"109\">40,00<\/td>\n<\/tr>\n<tr>\n<td>45<\/td>\n<td width=\"462\">Myofascial reliase MFR\u00a0\u00a0 30 min.<\/td>\n<td style=\"text-align: right;\" width=\"109\">50,00<\/td>\n<\/tr>\n<tr>\n<td>46<\/td>\n<td width=\"462\">Anatomy train\u00a0 AT\u00a0 30 min.<\/td>\n<td style=\"text-align: right;\" width=\"109\">50,00<\/td>\n<\/tr>\n<tr>\n<td>47<\/td>\n<td width=\"462\">DNS (Dinami\u010dka neuromuskularna stabilizacija)\u00a0 30 min.<\/td>\n<td style=\"text-align: right;\" width=\"109\">50,00<\/td>\n<\/tr>\n<tr>\n<td>48<\/td>\n<td width=\"462\">Participacija<\/td>\n<td style=\"text-align: right;\" width=\"109\">3,32<\/td>\n<\/tr>\n<tr>\n<td>49<\/td>\n<td width=\"462\">TRT TECAR (Targetirana radiofrekvencijska terapija) 15 min<\/td>\n<td style=\"text-align: right;\" width=\"109\">40,00<\/td>\n<\/tr>\n<\/tbody>\n<\/table>\n","protected":false},"excerpt":{"rendered":"<p>Cijenik je uskla\u0111en s pravilnikom o cijenama usluge Hrvatske lije\u010dni\u010dke komore. Preuzmite cjenik: Cjenik medicinskih usluga 2025. godina FIZIKALNA MEDICINA I REHABILITACIJA Opis postupka\/usluge Cijena u EUR 1 Specijalisti\u010dki pregled 80,00 2 Kontrolni specijalisti\u010dki pregled 70,00 3 Konzultacija 50,00 4 Pregled u ku\u0107i (od 6-22h) 100,00 5 Prijedlog za IK-u, mi\u0161ljenje za stacionar.rehab. 120,00 6 [&hellip;]<\/p>\n","protected":false},"author":1,"featured_media":0,"parent":0,"menu_order":0,"comment_status":"closed","ping_status":"open","template":"","meta":{"footnotes":""},"class_list":["post-57","page","type-page","status-publish","hentry"],"_links":{"self":[{"href":"http:\/\/poliklinika-blazenka-nekic.hr\/hr\/wp-json\/wp\/v2\/pages\/57","targetHints":{"allow":["GET"]}}],"collection":[{"href":"http:\/\/poliklinika-blazenka-nekic.hr\/hr\/wp-json\/wp\/v2\/pages"}],"about":[{"href":"http:\/\/poliklinika-blazenka-nekic.hr\/hr\/wp-json\/wp\/v2\/types\/page"}],"author":[{"embeddable":true,"href":"http:\/\/poliklinika-blazenka-nekic.hr\/hr\/wp-json\/wp\/v2\/users\/1"}],"replies":[{"embeddable":true,"href":"http:\/\/poliklinika-blazenka-nekic.hr\/hr\/wp-json\/wp\/v2\/comments?post=57"}],"version-history":[{"count":9,"href":"http:\/\/poliklinika-blazenka-nekic.hr\/hr\/wp-json\/wp\/v2\/pages\/57\/revisions"}],"predecessor-version":[{"id":365,"href":"http:\/\/poliklinika-blazenka-nekic.hr\/hr\/wp-json\/wp\/v2\/pages\/57\/revisions\/365"}],"wp:attachment":[{"href":"http:\/\/poliklinika-blazenka-nekic.hr\/hr\/wp-json\/wp\/v2\/media?parent=57"}],"curies":[{"name":"wp","href":"https:\/\/api.w.org\/{rel}","templated":true}]}}