{"id":196,"date":"2014-06-17T12:58:04","date_gmt":"2014-06-17T11:58:04","guid":{"rendered":"http:\/\/poliklinika-blazenka-nekic.hr\/hr\/?page_id=196"},"modified":"2014-06-17T12:59:25","modified_gmt":"2014-06-17T11:59:25","slug":"exilis","status":"publish","type":"page","link":"http:\/\/poliklinika-blazenka-nekic.hr\/hr\/usluge-i-postupci\/exilis\/","title":{"rendered":"EXILIS"},"content":{"rendered":"<p style=\"text-align: justify;\">Exilis\u2122 Elite tvrtke BTL predstavlja najnoviju generaciju ure\u0111aja u svijetu medicinske estetike. Kao alternativa invazivnoj metodi liposukcije, Exilis\u2122 Elite danas je najbr\u017ei i najsna\u017eniji ure\u0111aj za neinvazivne estetske tretmane. Jedinstven u svom djelovanju, jedinstven po svojoj strukturi, Exilis Elite rezultat je dugogodi\u0161njeg istra\u017eivanja, i predstavlja odgovor na sve ve\u0107u potra\u017enju za neinvazivnim medicinsko-estetskim zahvatima. Taj je napor prepoznat, stoga je Exilis ure\u0111aj koji je 2012. (Boston) i 2013. (London) godine progla\u0161en najboljim ure\u0111ajem za neinvazivno tretiranje lica i tijela.<\/p>\n<p style=\"text-align: justify;\"><img loading=\"lazy\" decoding=\"async\" class=\"aligncenter size-full wp-image-183\" src=\"http:\/\/poliklinika-blazenka-nekic.hr\/hr\/wp-content\/uploads\/2014\/06\/exilis-funkcionalna-ljepota.jpg\" alt=\"exilis-funkcionalna-ljepota\" width=\"960\" height=\"368\" srcset=\"http:\/\/poliklinika-blazenka-nekic.hr\/hr\/wp-content\/uploads\/2014\/06\/exilis-funkcionalna-ljepota.jpg 960w, http:\/\/poliklinika-blazenka-nekic.hr\/hr\/wp-content\/uploads\/2014\/06\/exilis-funkcionalna-ljepota-300x115.jpg 300w\" sizes=\"auto, (max-width: 960px) 100vw, 960px\" \/><\/p>\n<p style=\"text-align: justify;\">Bilo da je rije\u010d o uklanjanju masnih naslaga ili zatezanju ko\u017ee, Exilis je kompletno rje\u0161enje kojim se mo\u017ee tretirati \u201cod glave do pete\u201d, pa \u010dak i podru\u010dja koja su se tradicionalno smatrala izuzetno zahtjevnima (ko\u017ea ruku, nadlaktica, natkoljenica), bez analgezije i nu\u017enog vremena oporavka, zahvaljuju\u0107i sustavu koji posjeduje izniman sigurnosni profil, stavljaju\u0107i sigurnost samog pacijenta na prvo mjesto.<\/p>\n<p style=\"text-align: justify;\">Exilis predstavlja ure\u0111aj dizajniran za fokusiranje razli\u010ditih dubina tretiranja u svrhu prilagodbe tretmana za redukciju masnih naslaga, zatezanja ko\u017ee, ili oboje. Klju\u010d djelovanja le\u017ei u strogo kontroliranoj simultanoj emisiji monopolarne radiofrekvencije, ultrazvuka i modula za hla\u0111enje, kojim se osigurava djelovanje na \u017eeljenoj dubini tkiva. Monopolarnom radiofrekvencijom \u0107emo potaknuti gibanje molekula u tkivu, koje \u0107e u svom otporu tom gibanju (impedancija) po\u010deti stvarati toplinu (dijatermija). Dijatermija je djelovanje sa dokazanim u\u010dinkom apoptoze adipoznih stanica, ali ona djeluje i na pobolj\u0161anje cirkulacije, mijenjanje difuzijske aktivnosti stani\u010dnih membrana, pobolj\u0161anje enzimske aktivnosti i metaboli\u010dkih reakcija.<\/p>\n<p style=\"text-align: justify;\"><img loading=\"lazy\" decoding=\"async\" class=\"aligncenter size-full wp-image-187\" src=\"http:\/\/poliklinika-blazenka-nekic.hr\/hr\/wp-content\/uploads\/2014\/06\/exilis-treatment2.jpg\" alt=\"exilis-treatment2\" width=\"652\" height=\"337\" srcset=\"http:\/\/poliklinika-blazenka-nekic.hr\/hr\/wp-content\/uploads\/2014\/06\/exilis-treatment2.jpg 652w, http:\/\/poliklinika-blazenka-nekic.hr\/hr\/wp-content\/uploads\/2014\/06\/exilis-treatment2-300x155.jpg 300w\" sizes=\"auto, (max-width: 652px) 100vw, 652px\" \/><\/p>\n<p style=\"text-align: justify;\">Tako\u0111er, radiofrekvencijom se mijenjaju svojstva vezivnih tkiva, \u0161to posebno dolazi do izra\u017eaja kod djelovanja na kolagen. Inicijalna reakcija na djelovanje radiofrekvencije je trenutna kontrakcija kolagena, jer dolazi do denaturacije, odnosno izdvajanja molekula vode iz molekula kolagena, a u reakcijama koji slijede dolazi do depozicije kolagena i njegovog remodeliranja, \u0161to u kona\u010dnici predstavlja dermalnu kontrakciju koja rezultira zatezanjem. Isto tako, valja napomenuti, radiofrekvencija ima jo\u0161 jednu osobitost, a to je da je njeno djelovanje suvi\u0161e rapidno za ljudski \u017eiv\u010dani sustav, koji njeno djelovanje ne mo\u017ee registrirati, \u0161to \u0107e u kona\u010dnici osigurati vrlo ugodan tretman.<\/p>\n<p style=\"text-align: justify;\">Jedna od zna\u010dajki koja izdvaja Exilis jest \u010dinjenica da sustav posjeduje zna\u010dajnu tehnolo\u0161ku prednost u tretmanima oblikovanja tijela u vidu ekskluzivnog obilje\u017eja Energy Flow Control (EFC\u2122) koji osigurava maksimalni u\u010dinak na tkivo osiguravaju\u0107i pritom ugodan tretman i pacijentovu sigurnost. Kao ure\u0111aj koji, izme\u0111u ostaloga, radi na principu radiofrekvencije, isporu\u010duje sigurnu, uniformnu distribuciju energije, eliminiraju\u0107i suvi\u0161ne izboje energije. Uz volumetrijsko zagrijavanje tkiva, koje uzrokuje smanjenje masnih stanica (pove\u0107anjem metaboli\u010dke aktivnosti) i stimulaciju kolagena, Exilis tako\u0111er rezultira i smanjenjem celulita. Zadovoljstvo klijenata tako\u0111er proizlazi iz \u010dinjenice da se u 4 tretmana mo\u017ee izgubiti od 4 do 15 cm obujma. Kada je u pitanju broj tretmana, treba naglasiti da su individualne razlike prisutne, no ve\u0107ina \u0107e klijenata razliku vidjeti ve\u0107 nakon 2 ili 3 posjeta, no bitno je napraviti razliku izme\u0111u trenutne reakcije tkiva i krajnjeg rezultata. Trenutni je odgovor prisutan odmah po tretmanu, no maksimalni \u0107e u\u010dinak nastupiti 3 do 6 mjeseci, osiguravaju\u0107i time dugotrajan u\u010dinak. Sami tretmani traju od 30 do 45 minuta (ovisno o broju zona koje se tretiraju), u razmacima od 7 do 10 dana, naj\u010de\u0161\u0107e u paketima od 4 do 6 tretmana.<\/p>\n<p style=\"text-align: justify;\">U zadnje je vrijeme \u010desto pitanje koju vrstu masnih naslaga tretiramo, i informirani je klijent svjestan \u010dinjenice da postoje dvije vrste masnih naslaga, potko\u017ena i visceralna. Potko\u017ena (subkutana) je locirana direktno iznad mi\u0161i\u0107nog tkiva, ispod ko\u017ee, \u0161to ju \u010dini idealnom za tretiranje radiofrekvencijom. Exilis je jedan od rijetkih ure\u0111aja koji mo\u017ee ostvariti realnu redukciju obujma, pogotovo kad se uzme u obzir stvarni gubitak od 4 do 15 cm, nakon svega nekoliko napravljenih tretmana. Kao jedinstveni ure\u0111aj po sigurnosnim mjerama, namijenjen za tretiranje opu\u0161tene ko\u017ee i suvi\u0161nog masnog tkiva, i kao takav indiciran je za upotrebu na \u010ditavom tijelu, uklju\u010duju\u0107i i lice, periorbitalno podru\u010dje, odnosno podru\u010dje oko o\u010diju, vrat, podru\u010dje vilice, abdomen, ruke, bedra, struk, dekolte, koljena, masne naslage na le\u0111ima. Iako je svaki klijent druga\u010diji, te je naj\u010de\u0161\u0107e potreban niz od 4 tretmana, pacijenti koji \u017eele reducirati ve\u0107u povr\u0161inu mogu to u\u010diniti u nizu od 6 tretmana, u razmacima od 7 do 10 dana, potpuno bezbolno, bez vremena oporavka i bez ograni\u010denja u svojim svakodnevnim aktivnostima, jedino na \u0161to treba obratiti pozornost je na poja\u010dani unos vode, odnosno kontinuirana hidracija organizma.<\/p>\n<p style=\"text-align: justify;\">Exilis tremanu mogu pristupiti svi, u dobi od 20 do 70+ godina, pozornost jedino treba obratiti na pacijente sa metalnim implantantima u podru\u010dju koje se namjerava tretirati ( umjetna koljena, kukovi), trudno\u0107e, dojenje, pacemaker, tumorna oboljenja. Cijena tremana daleko je prihvatljvija u usporedbi sa, primjerice, laserskim tretmanima. Exilis je neinvazivna alternativa koja pru\u017ea vidljive rezultate, daleko prihvatljvija u odnosu na druge procedure oblikovanja tijela, kao \u0161to su liposukcija, facelift zahvati, zahvati kapaka (blefaroplastika). Naravno, kao i kod drugih procedura, ukupna cijena Exilis tretmana ovisi o pacijentovim \u017eeljama i potrebama. Rezultati postignuti Exilis ure\u0111ajem dugotrajni, a odr\u017eivost rezultata ovisi o prehrambenim navikama i op\u0107em \u017eivotnom stilu samog pacijenta. Tretmani su bezbolni, i posve je normalan osje\u0107aj topline koji se stvara unutar tkiva, jer modul za hla\u0111enje osigurava izostanak bilo kakvog neugodnog osje\u0107aja i \u010dini Exilis sigurnim za sve tipove ko\u017ee. Procedura je neinvazivna, tako da je u odnosu na konvencionalne metode uklanjanja masti ili celullita, bilo kakav rizik uvelike reduciran. Tako\u0111er, bitno je spomenuti, odr\u017eivost rezultata ovisi o prehrambenim navikama i op\u0107em \u017eivotnom stilu samog pacijenta.<\/p>\n","protected":false},"excerpt":{"rendered":"<p>Exilis\u2122 Elite tvrtke BTL predstavlja najnoviju generaciju ure\u0111aja u svijetu medicinske estetike. Kao alternativa invazivnoj metodi liposukcije, Exilis\u2122 Elite danas je najbr\u017ei i najsna\u017eniji ure\u0111aj za neinvazivne estetske tretmane. Jedinstven u svom djelovanju, jedinstven po svojoj strukturi, Exilis Elite rezultat je dugogodi\u0161njeg istra\u017eivanja, i predstavlja odgovor na sve ve\u0107u potra\u017enju za neinvazivnim medicinsko-estetskim zahvatima. Taj [&hellip;]<\/p>\n","protected":false},"author":1,"featured_media":0,"parent":9,"menu_order":3,"comment_status":"closed","ping_status":"open","template":"","meta":{"footnotes":""},"class_list":["post-196","page","type-page","status-publish","hentry"],"_links":{"self":[{"href":"http:\/\/poliklinika-blazenka-nekic.hr\/hr\/wp-json\/wp\/v2\/pages\/196","targetHints":{"allow":["GET"]}}],"collection":[{"href":"http:\/\/poliklinika-blazenka-nekic.hr\/hr\/wp-json\/wp\/v2\/pages"}],"about":[{"href":"http:\/\/poliklinika-blazenka-nekic.hr\/hr\/wp-json\/wp\/v2\/types\/page"}],"author":[{"embeddable":true,"href":"http:\/\/poliklinika-blazenka-nekic.hr\/hr\/wp-json\/wp\/v2\/users\/1"}],"replies":[{"embeddable":true,"href":"http:\/\/poliklinika-blazenka-nekic.hr\/hr\/wp-json\/wp\/v2\/comments?post=196"}],"version-history":[{"count":2,"href":"http:\/\/poliklinika-blazenka-nekic.hr\/hr\/wp-json\/wp\/v2\/pages\/196\/revisions"}],"predecessor-version":[{"id":199,"href":"http:\/\/poliklinika-blazenka-nekic.hr\/hr\/wp-json\/wp\/v2\/pages\/196\/revisions\/199"}],"up":[{"embeddable":true,"href":"http:\/\/poliklinika-blazenka-nekic.hr\/hr\/wp-json\/wp\/v2\/pages\/9"}],"wp:attachment":[{"href":"http:\/\/poliklinika-blazenka-nekic.hr\/hr\/wp-json\/wp\/v2\/media?parent=196"}],"curies":[{"name":"wp","href":"https:\/\/api.w.org\/{rel}","templated":true}]}}