{"id":103,"date":"2013-10-28T17:13:55","date_gmt":"2013-10-28T16:13:55","guid":{"rendered":"http:\/\/poliklinika-blazenka-nekic.hr\/hr\/?page_id=103"},"modified":"2021-01-06T12:25:49","modified_gmt":"2021-01-06T11:25:49","slug":"komentari-pacijenata","status":"publish","type":"page","link":"http:\/\/poliklinika-blazenka-nekic.hr\/hr\/komentari-pacijenata\/","title":{"rendered":"Komentari pacijenata"},"content":{"rendered":"<p>Komentirani doktor: <strong>Bla\u017eenka Neki\u0107<\/strong> na portalu <a href=\"http:\/\/najdoktor.com\/blazenka-nekic\/d8285\" target=\"_blank\">najdoktor.com<\/a><\/p>\n<p style=\"text-align: justify;\"><div class='et-box et-shadow'>\r\n\t\t\t\t\t<div class='et-box-content'>Veliko hvala dr Bla\u017eenki Neki\u0107 na pomo\u0107i i uputama koje mi je pru\u017eila. Nastradala sam neposredno prije pandemije koja je zavladala svijetom. Naru\u010divala sam se uporno i za kratko vrijeme sam odbijena. Te\u0161ko sam se osje\u0107ala, a tegobe su se poja\u010davale. Ovdje sam primljena u kratkom roku i dobila sam terapije koje sam obavila i odgovarale su mi. Osje\u0107am neizmjernu toplinu pristupa svih zaposlenika u ovoj ordinaciji, od prijema, pregleda i odlaska. Svugdje sam u svom lije\u010denju bila kao na traci a ovdje je vrijeme odre\u0111eno samo za mene i tako temeljita obrada koju mi doktorica pru\u017ei je potrebna svakom pacijentu. Trebaju se svi ugledati na Va\u0161 na\u010din rada. Jo\u0161 jednom veliko Vam hvala.<\/div><\/div><\/p>\n<p style=\"text-align: justify;\"><div class='et-box et-shadow'>\r\n\t\t\t\t\t<div class='et-box-content'>\u00a0Pohvala za rad u poliklinici, za va\u0161e osoblje. Vrlo rado se vra\u0107am i dolazim ve\u0107 deset godina. Veliko hvala za va\u0161u stru\u010dnost te brigu o na\u0161em zdravlju jer ono nam je najva\u017enije. \u017delim vam uspje\u0161nu godinu i sve ostale godine koje \u0107emo se s rado\u0161\u0107u vi\u0111ati.<\/div><\/div><\/p>\n<p style=\"text-align: justify;\"><div class='et-box et-shadow'>\r\n\t\t\t\t\t<div class='et-box-content'>\u00a0Po\u0161tovani i cijenjeni, Ne znam koju rije\u010d da upotrijebim za va\u0161e osoblje, takvu uslugu, ljubaznost duge godine nigdje nisam do\u017eivjela. Zahvaljujem se svima od doktorice do sestara. Predivni ste, hvala na svemu.<\/div><\/div><\/p>\n<p style=\"text-align: justify;\"><div class='et-box et-shadow'>\r\n\t\t\t\t\t<div class='et-box-content'>\u00a0Zahvaljujem dr Neki\u0107 Bla\u017eenki na zdravstvenoj pomo\u0107i koju je meni pru\u017eila svojim znanjem, iskustvom i savjetima zbog moje bolesti, toplim rije\u010dima koje mi daju snagu i\u0107i &#8220;dalje&#8221;, to mi puno zna\u010di- Napominjem da ovakvu stru\u010dnost i ljubaznost jo\u0161 nisam do\u017eivjela, opho\u0111enje sa pacijentom je na najvi\u0161em nivou i za to Vam puno hvala. Zahvaljujem timu koji radi u ambulanti dr Neki\u0107 na velikoj ljubaznosti. Hvala vam na pomo\u0107i. hvala na svemu.<\/div><\/div><\/p>\n<p style=\"text-align: justify;\"><div class='et-box et-shadow'>\r\n\t\t\t\t\t<div class='et-box-content'>Meni je doktorica Neki\u0107 super. Odu\u0161evljena sam profesionalno\u0161\u0107u, pristupa\u010dnosti, komunikacijom. Kada do\u0111em na pregled opu\u0161teno pri\u010damo o svemu i na sva pitanja lijepo odgovori, sve objasni i uvijek uz smije\u0161ak. Kad bismo imali barem vi\u0161e ovakvih profesionalaca za doktore, zdravstvo bi nam procvalo!!!<\/div><\/div><\/p>\n<p style=\"text-align: justify;\"><div class='et-box et-shadow'>\r\n\t\t\t\t\t<div class='et-box-content'>Prvi put dolazim kod dr Neki\u0107 gdje mi je obavljen detaljan pregled uz veliko zadovoljstvo i svu pohvalu. Izuzetno zadovoljna i zahvalna na ljubazno\u0161\u0107u i profesionalnom radu.<\/div><\/div><\/p>\n<p style=\"text-align: justify;\"><div class='et-box et-shadow'>\r\n\t\t\t\t\t<div class='et-box-content'>Htjela bih se zahvaliti super profesionalnom, organiziranom, ljubaznom i stru\u010dnom osoblju. Tako\u0111er \u017eelim zahvaliti doktorici na strpljivosti, slu\u0161anju pacijenta i danom vremenu, \u0161to je rijetkost. Svi doktori su OK jer nam poma\u017eu i spa\u0161avaju \u017eivot. Zadana terapija je dosta efikasna i poma\u017ee. Hvala svima i puno uspjeha u va\u0161em radu.<\/div><\/div><\/p>\n<div class='et-box et-shadow'>\r\n\t\t\t\t\t<div class='et-box-content'>Pohvalila bih dr. Neki\u0107 i cijeli tim fizioterapeuta. Nakon ozljede prednjih kri\u017enih ligamenata koljena lije\u010dnica me vrlo temeljito pregledala, dijagnosticirala problem i u najkra\u0107em roku zajedno sa svojim timom osposobila za normalan \u017eivot. Zahvalna sam na ljubaznosti, pru\u017eenoj pomo\u0107i i nadasve pobolj\u0161anoj kvaliteti \u017eivota. Moram napomenuti kako mi je bio gu\u0161t i\u0107i na bolne terapije jer je osoblje fenomenalno. Uz maksimalnu profesionalnost, spremni na pomo\u0107, toplu rije\u010d i \u0161alu. Napominjem kako sam se prije lije\u010denja u klinici dr. Neki\u0107 poku\u0161ala lije\u010diti u Bo\u017eidarevi\u0107evoj bolnici i na \u0160alati ali njihova osposobljenost se ne mo\u017ee mjeriti s osposobljeno\u0161\u0107u klinike dr. Neki\u0107. Drago mi je da mi se uz terapije na uputnicu dodatno ponudilo i pla\u0107ene terapije jer je sve utro\u0161eno u pozpunosti vra\u0107eno kroz bolju mobilnost koljena! Hvala na svemu!<\/div><\/div>\n<div class='et-box et-shadow'>\r\n\t\t\t\t\t<div class='et-box-content'>Nakon te\u0161ke ozljede( presje\u010den \u017eivac,arterija, vena i mi\u0161i\u0107i unutarnje strane desne podlaktice) do\u0161ao sam na pregled kod dr. Neki\u0107. Bio sam bez osjeta i pokreta u desnoj \u0161aci. Detaljnim pregledom,odre\u0111enom terapijom visoke tehnologije u kombinaciji sa vje\u017ebama i tehnikama mekih tkiva ve\u0107 nakon tri mjeseca mogao sam koristiti ruku za pisanje olovkom i ra\u010dunalom. Danas nakon 16 mjeseci ruka mi u potpunosti funkcionira,jo\u0161 se provodi terapija za finu motoriku. Sve to mogu zahvaliti predanom i profesionalnom radu dr. Neki\u0107 kao i svim terapeutima u poliklinici. Veliko im hvala na svemu!<\/div><\/div>\n<div class='et-box et-shadow'>\r\n\t\t\t\t\t<div class='et-box-content'>Jako je ljubazna i stru\u010dna, nje\u017ena kod pretraga i sistemati\u010dna, ba\u0161 se vidi da voli svoj posao. Odu\u0161evio me njezin srda\u010dni pristup i energi\u010dnost. Imam samo rijeci hvale za Dr. Neki\u0107!<\/div><\/div>\n<div class='et-box et-shadow'>\r\n\t\t\t\t\t<div class='et-box-content'>Najbolja doktorica, nadasve stru\u010dna u svome poslu, predana, suosje\u0107ajna. U kratko re\u010deno jedna divna osoba koja voli ono \u0161to radi!<\/div><\/div>\n<div class='et-box et-shadow'>\r\n\t\t\t\t\t<div class='et-box-content'>Doktorica je jedna izuzeztno smirena i stru\u010dna osoba koja mi je pomogla u mnogim mojim problemima sa zdravljem!<\/div><\/div>\n<div class='et-box et-shadow'>\r\n\t\t\t\t\t<div class='et-box-content'>Doktorica Neki\u0107 je izvrsna i profesionalna u svom poslu. Bio sam kod nje jednom i nakon \u0161to sam imao bolove 2 mjeseca, otklonila ih je s nekoliko pokreta. Vjerojatno je to kratkoro\u010dno, ali svakako je veliko olak\u0161anje.<\/div><\/div>\n<div class='et-box et-shadow'>\r\n\t\t\t\t\t<div class='et-box-content'>Svakako preporu\u010dam doktoricu,. Za nju se mo\u017ee re\u0107i da je doktorica stvarno pogodila svoju profesiju jer je stru\u010dna i detaljna u svojem poslu!<\/div><\/div>\n<div class='et-box et-shadow'>\r\n\t\t\t\t\t<div class='et-box-content'>Ja se nisam jo\u0161 susreo sa kvalitetnijom doktoricom. Ima visok stupanj emocionalne inteligencije \u0161to na\u017ealost manjka mnogim doktorima u Hrvatskoj!<\/div><\/div>\n<div class='et-box et-shadow'>\r\n\t\t\t\t\t<div class='et-box-content'>Do\u0161la sam k doktorici Neki\u0107 s jakom upalom ramena, suze su mi i\u0161le pri samoj pomisli da pomaknem ruku. Doktorica je nakon kratkog, ali temeljitog pregleda, postavila dijagnozu i odredila terapiju tijekom koje je u roku 7 dana bol gotovo potpuno nestala. Sestre su susretljive, simpati\u010dne i obzirne. Odli\u010dna usluga, stru\u010dnost i empatija prema pacijentu. Veliko hvala! Preporu\u010dam!<\/div><\/div>\n<div class='et-box et-shadow'>\r\n\t\t\t\t\t<div class='et-box-content'>Danas sam bila kod dr.Nekic i naprosto osjecam potrebu javno pohvaliti njezinu strucnost,predanost i ljubaznost.Imala sam mjesecima bolove u ramenu i nakon ugodnog razgovora dr.Nekic je napravila par poteza i ja sam ponovno mogla rukom napraviti svaki pokret&#8230;.beskrajno sam zahvalna<\/div><\/div>\n<div class='et-box et-shadow'>\r\n\t\t\t\t\t<div class='et-box-content'>Iskrenuo sam prije mjesec dana sko\u010dni zglob lijeve noge, odmah oti\u0161ao u bolnicu na Hitnu, slikali zglob sa RTG, bio na pregledu, pa na kontroli i opet slika RTG i pregled u bolnici, oti\u0161ao kod Ortopeda na pregled, bol i sporost povla\u010denja otekline zgloba i da nitko nije sku\u017eio da mi je iz\u010da\u0161cen sko\u010dni zglob!?\nPo preporuci svoje Doktorice ( zbog liste \u010dekanja od tri mjeseca ) oti\u0161ao dogovoriti fizikalnu terapiju i rehabilitaciju u Polikliniku Doktorice Bla\u017eenke Neki\u0107 i \u017eena mi na pregledu namjesti sko\u010dni zglob! Nisam mogao od \u010duda, bez slika RTG koju mi naravno nisu dali, bez nalaza Ultrazvuka \u010diji termin imam tek za koji mjesec u jednoj od bolnica. Nisam mogao vjerovati da sve vrijeme to nitko nije vidio!?\nKa\u017eu da se na zdravlju ne zahvaljuje ali zato na znanju i na ljudskosti da!\nHvala vam jer vi i va\u0161 tim imate toga u izobilju!<\/div><\/div>\n<div class='et-box et-shadow'>\r\n\t\t\t\t\t<div class='et-box-content'>Doktorica ima divan odnos s pacijentima. Ljubazna i fina, \u0161to je najva\u017enije puna je znanja. Sve probleme sam rije\u0161ila.<\/div><\/div>\n<div class='et-box et-shadow'>\r\n\t\t\t\t\t<div class='et-box-content'>Doktoricu Neki\u0107 mogu ocijeniti samo najboljim ocjenama i preporu\u010dila bih je svima koji imaju bilo kakvih problema za koje je potreban fizioterapeutski tretman. Pru\u017ea \u0161irok raspon terapija koje nisam susrela niti u jednoj drugoj ambulanti, a svakome pacijentu pristupa na individualan na\u010din. Jako mi je pomogla pri kroni\u010dnim problemima sa sko\u010dnim zglobom i koljenom &#8211; terapija mi je pomogla da se uop\u0107e mogu kretati i barem jedanput godi\u0161nje idem na kontrolne preglede koji me odr\u017eavaju &#8220;u pogonu&#8221;. Pohvalila bih tako\u0111er ljubazan odnos spram pacijenata &#8211; doktori\u010din, ali i svega osoblja, i mogu se na koncu prodru\u017eiti ostalim pohvalama koje sam \u010dula u ambulanti, ali i vidjela na ovome potralu.<\/div><\/div>\n<div class='et-box et-shadow'>\r\n\t\t\t\t\t<div class='et-box-content'>Velika je \u010dast mi je \u0161to sam upoznala dr. Neki\u0107. Doktorica je profi\u0107 i mogu sa zadovoljstvom re\u0107i da je odli\u010dan dijagnosti\u010dar, ljubazna i efikasna u poslu.<\/div><\/div>\n<div class='et-box et-shadow'>\r\n\t\t\t\t\t<div class='et-box-content'>Kod dr. Neki\u0107 sam lije\u010dila sam se 2006. i 2007. Ostala mi je u sje\u0107anju kao vrstan fizijatar, koji ima dovoljno vremena i strpljenja objasniti pacijentu sve \u0161to ga zanima.<\/div><\/div>\n<div class='et-box et-shadow'>\r\n\t\t\t\t\t<div class='et-box-content'>Doktorica ima divan odnos s pacijentima. Ljubazna i fina, \u0161to je najva\u017enije puna je znanja. Sve probleme sam rije\u0161ila<\/div><\/div>\n<div class='et-box et-shadow'>\r\n\t\t\t\t\t<div class='et-box-content'>Najbolja doktorica! Doktorica koja je mnogima olak\u0161ala \u017eivot. Pedantna, profesionalna, stru\u010dna i odana svome poslu!!<\/div><\/div>\n<div class='et-box et-shadow'>\r\n\t\t\t\t\t<div class='et-box-content'>Rijetko se nai\u0111e na ovakvu lije\u010dnicu, ljubazna, pristojna, istinski zainteresirana za pacijenta, puna znanja (ne samo u svojoj specijalizaciji)<\/div><\/div>\n<div class='et-box et-shadow'>\r\n\t\t\t\t\t<div class='et-box-content'>O svojoj dugogodi\u0161njoj doktorici mogu samo napisati da je profesionalac. Odli\u010dna ekipa, dijagnoza, terapija, savjet i osmjeh! Svaka \u010dast!!<\/div><\/div>\n<div class='et-box et-shadow'>\r\n\t\t\t\t\t<div class='et-box-content'>Razborita, organizirana doktorica s jako velikim znanjem. Uvijek je dostupna \u0161to je tako\u0111er jako bitno. Svima preporu\u010dam,ukoliko im zatreba specijalista fizijatar. Ako \u0107u trebati, ponovno bih do\u0161la s povjerenjem!<\/div><\/div>\n<div class='et-box et-shadow'>\r\n\t\t\t\t\t<div class='et-box-content'>Dr. Neki\u0107 je izuzetno stru\u010dna doktorica fizikalne medicine, ali i izuzetno pozitivna kao osoba. Maksimalno se trudi da pomogne i olak\u0161a boli kod svakog pojedina\u010dnog problema. Uz stru\u010dnost svakako bih napomenula vrhunsku pristupa\u010dnost svakom pacijentu. Uz doktoricu je stru\u010dan i iskusan tim, izuzetno dobro uigrana ekipa Ako razmi\u0161ljate kome fizijatru krenuti za rje\u0161enje problema mi\u0161i\u0107no-ko\u0161tanog sustava, onda je to sigurno dr. Neki\u0107<\/div><\/div>\n<div class='et-box et-shadow'>\r\n\t\t\t\t\t<div class='et-box-content'>Doktorica je veoma detaljna. Ba\u0161 o svemu te ispita i proanalizira. Trudi se da na\u0111e rije\u0161enje za svaki problem,bez obzira \u0161to zbog toga niste do\u0161li kod nje. Va\u0161 problem sagleda u cjelini. Puno je lak\u0161e kada zna\u0161 kako dalje, a ne lutati od vrata do vrata. Zato joj velika hvala, u\u0161tedjela mi je i novaca i vremena.<\/div><\/div>\n<div class='et-box et-shadow'>\r\n\t\t\t\t\t<div class='et-box-content'>Svakome bih preporu\u010dila dr. Bla\u017eenku Neki\u0107: stru\u010dna, odli\u010dan dijagnosti\u010dar, pa\u017eljivo slu\u0161a i sve objasni pacijentu, ima odli\u010dno opremljenu ordinaciju, temeljita, strpljiva, puna je blagosti i suosje\u0107anja, eti\u010dna,.ima izuzetno ljubazne i dobro obu\u010dene fizioterapeute. Po svemu zaslu\u017euje da bude najdoktor.<\/div><\/div>\n<div class='et-box et-shadow'>\r\n\t\t\t\t\t<div class='et-box-content'>\u00a0Zahvaljuju\u0107i dr. Bla\u017eenki Neki\u0107 i njezinom osoblju, njihovoj stru\u010dnosti, profesionalnosti, osposobljenosti i dugogodi\u0161njem iskustvu danas moj sin opet hoda samostalno uz pomo\u0107 samo jedne podlaktne \u0161take, a o\u010dekujemo da \u0107e daljnjim terapijama kod doktorice Neki\u0107 opet samostalno hodati.<\/p>\n<p>Nakon ozljede vratne kralje\u0161nice (prijelom C6 kralje\u0161ka i nagnje\u010denje le\u0111ne mo\u017edine) i oporavka u Vara\u017edinskim toplicama iz kojih je iza\u0161ao uz jako ote\u017eano i ograni\u010deno kretanje, te vidljiv poreme\u0107aj ravnote\u017ee, nastavili smo njegovu rehabilitaciju kod dr. Bla\u017eenke Neki\u0107.\u00a0Sada poslije tri mjeseca uzastopnih terapija moj sin se i dalje oporavlja, te o\u010dekujemo da \u0107e uz daljnje terapije i do sada dobre terapijske rezultate prohodati samostalno kao prije sve zahvaljuju\u0107i profesionalnosti vrhunskom timu koji okuplja dr.\u00a0<\/div><\/div>\n<div class='et-box et-shadow'>\r\n\t\t\t\t\t<div class='et-box-content'>\u00a0Sve pohvale za dr. Neki\u0107 od stru\u010dnosti, ljubaznosti i odnosu pacijent &#8211; doktor. Osim o\u010ditog iskustva i stru\u010dnosti ima u sebi ono ne\u0161to, \u0161to je nama pacijentima jako bitno, a to je topao i ljudski pristup pacijentu-\u010dovjeku. Golubovi\u0107<\/div><\/div>\n<div class='et-box et-shadow'>\r\n\t\t\t\t\t<div class='et-box-content'>\u00a0\u00a0Nemam rije\u0107i kojima bih pohvalio rad doktorice Neki\u0107 i njezinog osoblja. Od samog prijema, brzog naru\u010divanja, pregleda do fizikalne obrade. Sve za 5+.\u00a0Stru\u010dno, strpljivo, ljubazno i uvijek pristupa\u010dni svakom pacijentu.<\/div><\/div>\n<div class='et-box et-shadow'>\r\n\t\t\t\t\t<div class='et-box-content'>\u00a0\u00a0Doktorica je prekrasna,strpljiva,stru\u010dna te divna i puna razumijevanja prema svim pacijentima. \u0160to je najva\u017enije ulijeva povjerenje i osje\u010daj sigurnosti u svoje odluke koje su se uvijek pokazale ispravnima!<\/div><\/div>\n<div class='et-box et-shadow'>\r\n\t\t\t\t\t<div class='et-box-content'>\u00a0Dr. Neki\u0107 je lije\u010dnik u pravom smislu te rije\u010di. Osim vrhunskog poznavanja svoje specijalnosti, kod nje ne postoje nepoznanice u sveobuhvatnoj medicini. Njezin pregled je istovremeno i psihoterapija. U kontaktu s pacijentom odaje dojam istinskog intelektualca, lije\u010dnika zainteresiranog za tegobe pacijenta i osobe koja zajedno s pacijentom dijeli radost kada se tegobe povuku nakon tretmana kojega je ordinirala. \u010cesti pratitelji lije\u010dni\u010dke struke-narcizam i ta\u0161tina, kod dr. Neki\u0107 su neprimjetni. Uz nju, za dobre terapijeske rezultate je zaslu\u017ean tim vrhunskih terapeuta, koje osim znanja, zra\u010de ljubazno\u0161\u0107u i profesionalno\u0161\u0107u uz izuzetan trud i zalaganje za svakog pacijenta. Tko jednom posjeti ovu polikliniku, u slu\u010daju ponovne potrebe \u0107e znati na koja \u0107e vrata &#8220;zakucati&#8221;.<\/div><\/div>\n<p>Komentirani doktor: <strong>Bla\u017eenka Neki\u0107<\/strong> na portalu <a href=\"http:\/\/najdoktor.com\/blazenka-nekic\/d8285\" target=\"_blank\">najdoktor.com<\/a><\/p>\n<p><div class='et-box et-shadow'>\r\n\t\t\t\t\t<div class='et-box-content'>Poliklinika &#8220;dr. Bla\u017eenka Neki\u0107&#8221; , profesionalna i stru\u010dna obrada pacijenata sa puno strpljenja i humanosti. Doktorica Neki\u0107 radi i preko uputnice tako da se ne mora dodatno pla\u0107ati usluga koja je vrhunska.Treba naglasiti da se za lije\u010denje posljedica prometne nezgode koja je priznata kao ozljeda na radu nakon stru\u010dnog pregleda dr. Neki\u0107 NE \u010cEKA ZA TERAPIJE !!! Termin se odmah dobije jer IMATE PREDNOST &#8230;.to nisam do\u017eivjela nigdje od kad se lje\u010dim; u Domu zdravlja \u010dekala sam du\u017ee vrijeme za terapiju sa istom osnovom povrede na radu.\u00a0<\/div><\/div><br \/>\n<div class='et-box et-shadow'>\r\n\t\t\t\t\t<div class='et-box-content'>\u00a0Dr. Neki\u0107 je ma\u0111ioni\u010dar uz to \u0161to je vrlo ljubazan lije\u010dnik. Nakon njene masa\u017ee bila sam 15 tak godina mla\u0111a!\u00a0<\/div><\/div><br \/>\n<div class='et-box et-shadow'>\r\n\t\t\t\t\t<div class='et-box-content'>\u00a0Izuzetno pozitivno iskustvo. Doktorica je razgovorljiva, ljubazna i vrlo profesionalna. Ambijent i osoblje koje provodi fizikalnu terapiju ugodno, rezultati terapije izvrsni.<\/div><\/div><br \/>\n<div class='et-box et-shadow'>\r\n\t\t\t\t\t<div class='et-box-content'>\u00a0Veoma organizirana ambulanta. Doktorica i njen tim su jako ugodni i predani svojim pacijentima. Veoma strpljivi prema starijima. Sve \u0161to se ti\u010de pacijenta \u0107e napraviti. Ja sam ovom ambulantom potpuno zadovoljna.<\/div><\/div><\/p>\n","protected":false},"excerpt":{"rendered":"<p>Komentirani doktor: Bla\u017eenka Neki\u0107 na portalu najdoktor.com Komentirani doktor: Bla\u017eenka Neki\u0107 na portalu najdoktor.com<\/p>\n","protected":false},"author":1,"featured_media":0,"parent":0,"menu_order":0,"comment_status":"closed","ping_status":"open","template":"","meta":{"footnotes":""},"class_list":["post-103","page","type-page","status-publish","hentry"],"_links":{"self":[{"href":"http:\/\/poliklinika-blazenka-nekic.hr\/hr\/wp-json\/wp\/v2\/pages\/103","targetHints":{"allow":["GET"]}}],"collection":[{"href":"http:\/\/poliklinika-blazenka-nekic.hr\/hr\/wp-json\/wp\/v2\/pages"}],"about":[{"href":"http:\/\/poliklinika-blazenka-nekic.hr\/hr\/wp-json\/wp\/v2\/types\/page"}],"author":[{"embeddable":true,"href":"http:\/\/poliklinika-blazenka-nekic.hr\/hr\/wp-json\/wp\/v2\/users\/1"}],"replies":[{"embeddable":true,"href":"http:\/\/poliklinika-blazenka-nekic.hr\/hr\/wp-json\/wp\/v2\/comments?post=103"}],"version-history":[{"count":12,"href":"http:\/\/poliklinika-blazenka-nekic.hr\/hr\/wp-json\/wp\/v2\/pages\/103\/revisions"}],"predecessor-version":[{"id":357,"href":"http:\/\/poliklinika-blazenka-nekic.hr\/hr\/wp-json\/wp\/v2\/pages\/103\/revisions\/357"}],"wp:attachment":[{"href":"http:\/\/poliklinika-blazenka-nekic.hr\/hr\/wp-json\/wp\/v2\/media?parent=103"}],"curies":[{"name":"wp","href":"https:\/\/api.w.org\/{rel}","templated":true}]}}